{"id":1043,"date":"2021-10-16T15:36:57","date_gmt":"2021-10-16T13:36:57","guid":{"rendered":"http:\/\/saltimbreizh.fr\/?page_id=1043"},"modified":"2021-10-16T15:36:57","modified_gmt":"2021-10-16T13:36:57","slug":"karine","status":"publish","type":"page","link":"https:\/\/saltimbreizh.fr\/?page_id=1043","title":{"rendered":"Karine"},"content":{"rendered":"\n\n\n<div class=\"wp-block-media-text alignwide is-stacked-on-mobile\" style=\"grid-template-columns:23% auto\"><figure class=\"wp-block-media-text__media\"><img loading=\"lazy\" width=\"576\" height=\"768\" src=\"http:\/\/saltimbreizh.fr\/wp-content\/uploads\/2021\/10\/PHOTO-2021-10-11-20-46-10-1.jpg\" alt=\"\" class=\"wp-image-1083 size-full\" srcset=\"https:\/\/saltimbreizh.fr\/wp-content\/uploads\/2021\/10\/PHOTO-2021-10-11-20-46-10-1.jpg 576w, https:\/\/saltimbreizh.fr\/wp-content\/uploads\/2021\/10\/PHOTO-2021-10-11-20-46-10-1-225x300.jpg 225w\" sizes=\"(max-width: 576px) 100vw, 576px\" \/><\/figure><div class=\"wp-block-media-text__content\">\n<p>Passer d&rsquo;un personnage \u00e0 l&rsquo;autre, d&rsquo;une \u00e9motion \u00e0 l&rsquo;autre, c&rsquo;est \u00e7a le th\u00e9\u00e2tre!<br><\/p>\n\n\n\n<p>Pr\u00e9sente depuis la cr\u00e9ation de la troupe en tant qu&rsquo;actrice ou b\u00e9n\u00e9vole, c&rsquo;est encore avec grand plaisir que je remonte sur les planches pour partager de bons moments de rires<\/p>\n<\/div><\/div>\n\n\n","protected":false},"excerpt":{"rendered":"<p>Passer d&rsquo;un personnage \u00e0 l&rsquo;autre, d&rsquo;une \u00e9motion \u00e0 l&rsquo;autre, c&rsquo;est \u00e7a le th\u00e9\u00e2tre! Pr\u00e9sente depuis la cr\u00e9ation de la troupe en tant qu&rsquo;actrice ou b\u00e9n\u00e9vole, c&rsquo;est encore avec grand plaisir que je remonte sur les planches pour partager de bons moments de rires<\/p>\n","protected":false},"author":2,"featured_media":0,"parent":0,"menu_order":0,"comment_status":"closed","ping_status":"closed","template":"","meta":{"ngg_post_thumbnail":0},"_links":{"self":[{"href":"https:\/\/saltimbreizh.fr\/index.php?rest_route=\/wp\/v2\/pages\/1043"}],"collection":[{"href":"https:\/\/saltimbreizh.fr\/index.php?rest_route=\/wp\/v2\/pages"}],"about":[{"href":"https:\/\/saltimbreizh.fr\/index.php?rest_route=\/wp\/v2\/types\/page"}],"author":[{"embeddable":true,"href":"https:\/\/saltimbreizh.fr\/index.php?rest_route=\/wp\/v2\/users\/2"}],"replies":[{"embeddable":true,"href":"https:\/\/saltimbreizh.fr\/index.php?rest_route=%2Fwp%2Fv2%2Fcomments&post=1043"}],"version-history":[{"count":2,"href":"https:\/\/saltimbreizh.fr\/index.php?rest_route=\/wp\/v2\/pages\/1043\/revisions"}],"predecessor-version":[{"id":1084,"href":"https:\/\/saltimbreizh.fr\/index.php?rest_route=\/wp\/v2\/pages\/1043\/revisions\/1084"}],"wp:attachment":[{"href":"https:\/\/saltimbreizh.fr\/index.php?rest_route=%2Fwp%2Fv2%2Fmedia&parent=1043"}],"curies":[{"name":"wp","href":"https:\/\/api.w.org\/{rel}","templated":true}]}}