{"id":1215,"date":"2023-01-22T18:57:31","date_gmt":"2023-01-22T17:57:31","guid":{"rendered":"http:\/\/saltimbreizh.fr\/?page_id=1215"},"modified":"2026-01-15T22:56:11","modified_gmt":"2026-01-15T21:56:11","slug":"formulaire-de-reservation-2023","status":"publish","type":"page","link":"https:\/\/saltimbreizh.fr\/?page_id=1215","title":{"rendered":"Formulaire de r\u00e9servation 2026"},"content":{"rendered":"\n\n<div class=\"wpforms-container wpforms-container-full wpforms-block\" id=\"wpforms-1009\"><form id=\"wpforms-form-1009\" class=\"wpforms-validate wpforms-form\" data-formid=\"1009\" method=\"post\" enctype=\"multipart\/form-data\" action=\"\/index.php?rest_route=%2Fwp%2Fv2%2Fpages%2F1215\" data-token=\"4acad34b2b881d2acfad903706af40e7\" data-token-time=\"1778673721\"><noscript class=\"wpforms-error-noscript\">Veuillez activer JavaScript dans votre navigateur pour remplir ce formulaire.<\/noscript><div class=\"wpforms-field-container\"><div id=\"wpforms-1009-field_0-container\" class=\"wpforms-field wpforms-field-name wpforms id1009 titlefalse descriptionfalse\" data-field-id=\"0\"><label class=\"wpforms-field-label\" for=\"wpforms-1009-field_0\">Nom <span class=\"wpforms-required-label\">*<\/span><\/label><div class=\"wpforms-field-row wpforms-field-medium\"><div class=\"wpforms-field-row-block wpforms-first wpforms-one-half\"><input type=\"text\" id=\"wpforms-1009-field_0\" class=\"wpforms-field-name-first wpforms-field-required\" name=\"wpforms[fields][0][first]\" required><label for=\"wpforms-1009-field_0\" class=\"wpforms-field-sublabel after\">Pr\u00e9nom<\/label><\/div><div class=\"wpforms-field-row-block wpforms-one-half\"><input type=\"text\" id=\"wpforms-1009-field_0-last\" class=\"wpforms-field-name-last wpforms-field-required\" name=\"wpforms[fields][0][last]\" required><label for=\"wpforms-1009-field_0-last\" class=\"wpforms-field-sublabel after\">Nom<\/label><\/div><\/div><\/div><div id=\"wpforms-1009-field_1-container\" class=\"wpforms-field wpforms-field-email\" data-field-id=\"1\"><label class=\"wpforms-field-label\" for=\"wpforms-1009-field_1\">E-mail <span class=\"wpforms-required-label\">*<\/span><\/label><input type=\"email\" id=\"wpforms-1009-field_1\" class=\"wpforms-field-medium wpforms-field-required\" name=\"wpforms[fields][1]\" spellcheck=\"false\" required><\/div><div id=\"wpforms-1009-field_9-container\" class=\"wpforms-field wpforms-field-text\" data-field-id=\"9\"><label class=\"wpforms-field-label\" for=\"wpforms-1009-field_9\">Num\u00e9ro de t\u00e9l\u00e9phone<\/label><input type=\"text\" id=\"wpforms-1009-field_9\" class=\"wpforms-field-medium\" name=\"wpforms[fields][9]\" ><\/div><div id=\"wpforms-1009-field_4-container\" class=\"wpforms-field wpforms-field-radio\" data-field-id=\"4\"><label class=\"wpforms-field-label\" for=\"wpforms-1009-field_4\">R\u00e9servation 2026 <span class=\"wpforms-required-label\">*<\/span><\/label><ul id=\"wpforms-1009-field_4\" class=\"wpforms-field-required\"><li class=\"choice-1 depth-1\"><input type=\"radio\" id=\"wpforms-1009-field_4_1\" name=\"wpforms[fields][4]\" value=\"samedi 14 mars 2026 - 21H\" required ><label class=\"wpforms-field-label-inline\" for=\"wpforms-1009-field_4_1\">samedi 14 mars 2026 &#8211; 21H<\/label><\/li><li class=\"choice-2 depth-1\"><input type=\"radio\" id=\"wpforms-1009-field_4_2\" name=\"wpforms[fields][4]\" value=\"dimanche 15 mars 2026 - 15H\" required ><label class=\"wpforms-field-label-inline\" for=\"wpforms-1009-field_4_2\">dimanche 15 mars 2026 &#8211; 15H<\/label><\/li><li class=\"choice-3 depth-1\"><input type=\"radio\" id=\"wpforms-1009-field_4_3\" name=\"wpforms[fields][4]\" value=\"vendredi 20 mars 2026 - 21H\" required ><label class=\"wpforms-field-label-inline\" for=\"wpforms-1009-field_4_3\">vendredi 20 mars 2026 &#8211; 21H<\/label><\/li><li class=\"choice-4 depth-1\"><input type=\"radio\" id=\"wpforms-1009-field_4_4\" name=\"wpforms[fields][4]\" value=\"samedi 21 mars 2026 - 21H\" required ><label class=\"wpforms-field-label-inline\" for=\"wpforms-1009-field_4_4\">samedi 21 mars 2026 &#8211; 21H<\/label><\/li><li class=\"choice-5 depth-1\"><input type=\"radio\" id=\"wpforms-1009-field_4_5\" name=\"wpforms[fields][4]\" value=\"dimanche 22 mars 2026- 15H\" required ><label class=\"wpforms-field-label-inline\" for=\"wpforms-1009-field_4_5\">dimanche 22 mars 2026- 15H<\/label><\/li><\/ul><\/div><div id=\"wpforms-1009-field_6-container\" class=\"wpforms-field wpforms-field-number\" data-field-id=\"6\"><label class=\"wpforms-field-label\" for=\"wpforms-1009-field_6\">Nombre de personnes adultes <span class=\"wpforms-required-label\">*<\/span><\/label><input type=\"number\" id=\"wpforms-1009-field_6\" class=\"wpforms-field-medium wpforms-field-required\" name=\"wpforms[fields][6]\" required><\/div><div id=\"wpforms-1009-field_7-container\" class=\"wpforms-field wpforms-field-number\" data-field-id=\"7\"><label class=\"wpforms-field-label\" for=\"wpforms-1009-field_7\">Nombre d&#039;enfants (moins de 12 ans) <span class=\"wpforms-required-label\">*<\/span><\/label><input type=\"number\" id=\"wpforms-1009-field_7\" class=\"wpforms-field-medium wpforms-field-required\" name=\"wpforms[fields][7]\" required><\/div><div id=\"wpforms-1009-field_2-container\" class=\"wpforms-field wpforms-field-textarea\" data-field-id=\"2\"><label class=\"wpforms-field-label\" for=\"wpforms-1009-field_2\">Commentaire ou message<\/label><textarea id=\"wpforms-1009-field_2\" class=\"wpforms-field-medium\" name=\"wpforms[fields][2]\" ><\/textarea><\/div><\/div><!-- .wpforms-field-container --><div class=\"wpforms-field wpforms-field-hp\"><label for=\"wpforms-1009-field-hp\" class=\"wpforms-field-label\">Email<\/label><input type=\"text\" name=\"wpforms[hp]\" id=\"wpforms-1009-field-hp\" class=\"wpforms-field-medium\"><\/div><div class=\"wpforms-recaptcha-container wpforms-is-hcaptcha\" ><div class=\"g-recaptcha\" data-sitekey=\"f757c0fd-3789-4bf3-81e0-f7dd70596abb\"><\/div><input type=\"text\" name=\"g-recaptcha-hidden\" class=\"wpforms-recaptcha-hidden\" style=\"position:absolute!important;clip:rect(0,0,0,0)!important;height:1px!important;width:1px!important;border:0!important;overflow:hidden!important;padding:0!important;margin:0!important;\" data-rule-hcaptcha=\"1\"><\/div><div class=\"wpforms-submit-container\" ><input type=\"hidden\" name=\"wpforms[id]\" value=\"1009\"><input type=\"hidden\" name=\"page_title\" value=\"\"><input type=\"hidden\" name=\"page_url\" value=\"https:\/\/saltimbreizh.fr\/index.php?rest_route=%2Fwp%2Fv2%2Fpages%2F1215\"><button type=\"submit\" name=\"wpforms[submit]\" id=\"wpforms-submit-1009\" class=\"wpforms-submit\" data-alt-text=\"Envoi...\" data-submit-text=\"Envoyer\" aria-live=\"assertive\" value=\"wpforms-submit\">Envoyer<\/button><\/div><\/form><\/div>  <!-- .wpforms-container -->\n\n","protected":false},"excerpt":{"rendered":"","protected":false},"author":2,"featured_media":0,"parent":0,"menu_order":0,"comment_status":"closed","ping_status":"closed","template":"","meta":{"ngg_post_thumbnail":0},"_links":{"self":[{"href":"https:\/\/saltimbreizh.fr\/index.php?rest_route=\/wp\/v2\/pages\/1215"}],"collection":[{"href":"https:\/\/saltimbreizh.fr\/index.php?rest_route=\/wp\/v2\/pages"}],"about":[{"href":"https:\/\/saltimbreizh.fr\/index.php?rest_route=\/wp\/v2\/types\/page"}],"author":[{"embeddable":true,"href":"https:\/\/saltimbreizh.fr\/index.php?rest_route=\/wp\/v2\/users\/2"}],"replies":[{"embeddable":true,"href":"https:\/\/saltimbreizh.fr\/index.php?rest_route=%2Fwp%2Fv2%2Fcomments&post=1215"}],"version-history":[{"count":7,"href":"https:\/\/saltimbreizh.fr\/index.php?rest_route=\/wp\/v2\/pages\/1215\/revisions"}],"predecessor-version":[{"id":1486,"href":"https:\/\/saltimbreizh.fr\/index.php?rest_route=\/wp\/v2\/pages\/1215\/revisions\/1486"}],"wp:attachment":[{"href":"https:\/\/saltimbreizh.fr\/index.php?rest_route=%2Fwp%2Fv2%2Fmedia&parent=1215"}],"curies":[{"name":"wp","href":"https:\/\/api.w.org\/{rel}","templated":true}]}}