{"id":204,"date":"2018-06-15T18:13:03","date_gmt":"2018-06-15T16:13:03","guid":{"rendered":"http:\/\/127.0.0.1:8090\/wordpress\/?page_id=204"},"modified":"2023-01-08T19:16:16","modified_gmt":"2023-01-08T18:16:16","slug":"les-saltimbreizh","status":"publish","type":"page","link":"https:\/\/saltimbreizh.fr\/?page_id=204","title":{"rendered":"Les \u00ab\u00a0Saltimbreizh\u00a0\u00bb"},"content":{"rendered":"<h2>Pr\u00e9sentation<\/h2>\n<p>La troupe des \u00ab\u00a0Saltimbreizh\u00a0\u00bb est cette ann\u00e9e 2023 compos\u00e9e de 8 com\u00e9diens et com\u00e9diennes !!<\/p>\n<p>Cette ann\u00e9e encore, la parit\u00e9 entre les com\u00e9diens et com\u00e9diennes est parfaite. 4 Femmes et 4 hommes.<\/p>\n<h2>Actions 2023<\/h2>\n<ul>\n<li>Repr\u00e9sentation Troupe des Saltimbreizh 2023 :\n<ul>\n<li>Samedi 11 Mars 2023<\/li>\n<li>Dimanche 12 Mars 2023<\/li>\n<li>Vendredi 17 Mars 2023<\/li>\n<li>Samedi 18 Mars 2023<\/li>\n<li>Dimanche 19 Mars 2023<\/li>\n<\/ul>\n<\/li>\n<\/ul>\n<h2>Organisation<\/h2>\n<ul>\n<li>Quand &amp; o\u00f9:\n<ul>\n<li>Tous les lundi soir \u00e0 la salle polyvalente de B\u00e9d\u00e9e<\/li>\n<li>Les jeudi soir quand nous seront sous pression : -)<\/li>\n<\/ul>\n<\/li>\n<\/ul>\n<ul style=\"list-style-type: square;\">\n<li style=\"list-style-type: none;\">&nbsp;<\/li>\n<\/ul>\n","protected":false},"excerpt":{"rendered":"<p>Pr\u00e9sentation La troupe des \u00ab\u00a0Saltimbreizh\u00a0\u00bb est cette ann\u00e9e 2023 compos\u00e9e de 8 com\u00e9diens et com\u00e9diennes !! Cette ann\u00e9e encore, la parit\u00e9 entre les com\u00e9diens et com\u00e9diennes est parfaite. 4 Femmes et 4 hommes. Actions 2023 Repr\u00e9sentation Troupe des Saltimbreizh 2023 : Samedi 11 Mars 2023 Dimanche 12 Mars 2023 Vendredi 17 Mars 2023 Samedi 18 &hellip; <a href=\"https:\/\/saltimbreizh.fr\/?page_id=204\" class=\"more-link\">Continuer la lecture de <span class=\"screen-reader-text\">Les \u00ab\u00a0Saltimbreizh\u00a0\u00bb<\/span><\/a><\/p>\n","protected":false},"author":2,"featured_media":0,"parent":49,"menu_order":0,"comment_status":"closed","ping_status":"closed","template":"","meta":{"ngg_post_thumbnail":0},"_links":{"self":[{"href":"https:\/\/saltimbreizh.fr\/index.php?rest_route=\/wp\/v2\/pages\/204"}],"collection":[{"href":"https:\/\/saltimbreizh.fr\/index.php?rest_route=\/wp\/v2\/pages"}],"about":[{"href":"https:\/\/saltimbreizh.fr\/index.php?rest_route=\/wp\/v2\/types\/page"}],"author":[{"embeddable":true,"href":"https:\/\/saltimbreizh.fr\/index.php?rest_route=\/wp\/v2\/users\/2"}],"replies":[{"embeddable":true,"href":"https:\/\/saltimbreizh.fr\/index.php?rest_route=%2Fwp%2Fv2%2Fcomments&post=204"}],"version-history":[{"count":7,"href":"https:\/\/saltimbreizh.fr\/index.php?rest_route=\/wp\/v2\/pages\/204\/revisions"}],"predecessor-version":[{"id":1176,"href":"https:\/\/saltimbreizh.fr\/index.php?rest_route=\/wp\/v2\/pages\/204\/revisions\/1176"}],"up":[{"embeddable":true,"href":"https:\/\/saltimbreizh.fr\/index.php?rest_route=\/wp\/v2\/pages\/49"}],"wp:attachment":[{"href":"https:\/\/saltimbreizh.fr\/index.php?rest_route=%2Fwp%2Fv2%2Fmedia&parent=204"}],"curies":[{"name":"wp","href":"https:\/\/api.w.org\/{rel}","templated":true}]}}