{"id":208,"date":"2018-06-15T18:14:25","date_gmt":"2018-06-15T16:14:25","guid":{"rendered":"http:\/\/127.0.0.1:8090\/wordpress\/?page_id=208"},"modified":"2023-01-08T19:19:19","modified_gmt":"2023-01-08T18:19:19","slug":"les-mini-saltimbres","status":"publish","type":"page","link":"https:\/\/saltimbreizh.fr\/?page_id=208","title":{"rendered":"Les \u00ab\u00a0Mini-Saltimbreizh\u00a0\u00bb"},"content":{"rendered":"<h2>Prochains stages des mini-saltimbreizh<\/h2>\n<ul>\n<li><span style=\"color: #ff0000;\"><strong>Prochain stage pr\u00e9vu du lundi 17 avril au vendredi 21 avril 2023<\/strong><\/span><\/li>\n<li>Lieu = salle polyvalente de BEDEE<\/li>\n<li>Ouvert pour les jeunes de 8 \u00e0 16&#8230; 17 ans<\/li>\n<li>Par 1\/2 journ\u00e9e sur 5 jours<\/li>\n<li>Mini repr\u00e9sentation le vendredi soir<\/li>\n<\/ul>\n<p>Pour plus de renseignements, vous pouvez contacter l&rsquo;association par mail \u00e0 saltimbreizh@orange.fr<\/p>\n","protected":false},"excerpt":{"rendered":"<p>Prochains stages des mini-saltimbreizh Prochain stage pr\u00e9vu du lundi 17 avril au vendredi 21 avril 2023 Lieu = salle polyvalente de BEDEE Ouvert pour les jeunes de 8 \u00e0 16&#8230; 17 ans Par 1\/2 journ\u00e9e sur 5 jours Mini repr\u00e9sentation le vendredi soir Pour plus de renseignements, vous pouvez contacter l&rsquo;association par mail \u00e0 saltimbreizh@orange.fr<\/p>\n","protected":false},"author":2,"featured_media":0,"parent":0,"menu_order":0,"comment_status":"closed","ping_status":"closed","template":"","meta":{"ngg_post_thumbnail":0},"_links":{"self":[{"href":"https:\/\/saltimbreizh.fr\/index.php?rest_route=\/wp\/v2\/pages\/208"}],"collection":[{"href":"https:\/\/saltimbreizh.fr\/index.php?rest_route=\/wp\/v2\/pages"}],"about":[{"href":"https:\/\/saltimbreizh.fr\/index.php?rest_route=\/wp\/v2\/types\/page"}],"author":[{"embeddable":true,"href":"https:\/\/saltimbreizh.fr\/index.php?rest_route=\/wp\/v2\/users\/2"}],"replies":[{"embeddable":true,"href":"https:\/\/saltimbreizh.fr\/index.php?rest_route=%2Fwp%2Fv2%2Fcomments&post=208"}],"version-history":[{"count":4,"href":"https:\/\/saltimbreizh.fr\/index.php?rest_route=\/wp\/v2\/pages\/208\/revisions"}],"predecessor-version":[{"id":1179,"href":"https:\/\/saltimbreizh.fr\/index.php?rest_route=\/wp\/v2\/pages\/208\/revisions\/1179"}],"wp:attachment":[{"href":"https:\/\/saltimbreizh.fr\/index.php?rest_route=%2Fwp%2Fv2%2Fmedia&parent=208"}],"curies":[{"name":"wp","href":"https:\/\/api.w.org\/{rel}","templated":true}]}}