{"id":49,"date":"2018-06-13T10:00:53","date_gmt":"2018-06-13T08:00:53","guid":{"rendered":"http:\/\/127.0.0.1\/wordpress\/?page_id=24"},"modified":"2023-01-08T19:07:33","modified_gmt":"2023-01-08T18:07:33","slug":"la-compagnie","status":"publish","type":"page","link":"https:\/\/saltimbreizh.fr\/?page_id=49","title":{"rendered":"La Compagnie des \u00ab\u00a0Saltimbreizh\u00a0\u00bb"},"content":{"rendered":"<p><strong>Les \u00ab\u00a0Saltimbreizh\u00a0\u00bb<\/strong> ont \u00e9t\u00e9 cr\u00e9\u00e9 en 2011 par une \u00e9quipe d\u00e9couvrant le th\u00e9\u00e2tre.<\/p>\n<p>Au fil des ans, les d\u00e9parts, les arriv\u00e9es, et les retours ont toujours fait de la troupe un rassemblement de joyeux lurons en qu\u00eate de faire connaitre et faire partager leur passion du th\u00e9\u00e2tre.<\/p>\n<p>Toujours assist\u00e9e et soutenue par les conjoints et les b\u00e9n\u00e9voles de plus en plus nombreux la troupe s\u2019est a le plaisir de retrouver son public chaque ann\u00e9e.&nbsp;<\/p>\n<p>Il ne restait que les plus jeunes \u00e0 satisfaire (8-16 ans). C\u2019est chose faite depuis plusieurs ann\u00e9es par des stages ponctuels pendant les vacances : <strong>les \u00ab\u00a0Mini saltimbreizh\u00a0\u00bb<\/strong> sont n\u00e9s&nbsp;!<\/p>\n<p style=\"text-align: center;\"><strong>Que les id\u00e9es fusent !!!<\/strong><\/p>\n<p style=\"text-align: center;\"><strong>Que la troupe se d\u00e9veloppe !!! <\/strong><\/p>\n<p style=\"text-align: center;\"><strong>Que les talents se r\u00e9v\u00e8lent!!!<\/strong><\/p>\n<p style=\"text-align: center;\"><strong>Ce sont nos souhaits&nbsp; <\/strong><strong>et ce n\u2019est pas pr\u00eat de s\u2019arr\u00eater !<\/strong><\/p>\n<p>&nbsp;<\/p>\n<p>Bonne d\u00e9couverte de notre&nbsp; blog&nbsp;!<\/p>\n<p>&nbsp;<\/p>\n<p><strong>&nbsp;<\/strong><\/p>\n","protected":false},"excerpt":{"rendered":"<p>Les \u00ab\u00a0Saltimbreizh\u00a0\u00bb ont \u00e9t\u00e9 cr\u00e9\u00e9 en 2011 par une \u00e9quipe d\u00e9couvrant le th\u00e9\u00e2tre. Au fil des ans, les d\u00e9parts, les arriv\u00e9es, et les retours ont toujours fait de la troupe un rassemblement de joyeux lurons en qu\u00eate de faire connaitre et faire partager leur passion du th\u00e9\u00e2tre. Toujours assist\u00e9e et soutenue par les conjoints et &hellip; <a href=\"https:\/\/saltimbreizh.fr\/?page_id=49\" class=\"more-link\">Continuer la lecture de <span class=\"screen-reader-text\">La Compagnie des \u00ab\u00a0Saltimbreizh\u00a0\u00bb<\/span><\/a><\/p>\n","protected":false},"author":2,"featured_media":0,"parent":0,"menu_order":0,"comment_status":"closed","ping_status":"closed","template":"","meta":{"ngg_post_thumbnail":0},"_links":{"self":[{"href":"https:\/\/saltimbreizh.fr\/index.php?rest_route=\/wp\/v2\/pages\/49"}],"collection":[{"href":"https:\/\/saltimbreizh.fr\/index.php?rest_route=\/wp\/v2\/pages"}],"about":[{"href":"https:\/\/saltimbreizh.fr\/index.php?rest_route=\/wp\/v2\/types\/page"}],"author":[{"embeddable":true,"href":"https:\/\/saltimbreizh.fr\/index.php?rest_route=\/wp\/v2\/users\/2"}],"replies":[{"embeddable":true,"href":"https:\/\/saltimbreizh.fr\/index.php?rest_route=%2Fwp%2Fv2%2Fcomments&post=49"}],"version-history":[{"count":3,"href":"https:\/\/saltimbreizh.fr\/index.php?rest_route=\/wp\/v2\/pages\/49\/revisions"}],"predecessor-version":[{"id":1169,"href":"https:\/\/saltimbreizh.fr\/index.php?rest_route=\/wp\/v2\/pages\/49\/revisions\/1169"}],"wp:attachment":[{"href":"https:\/\/saltimbreizh.fr\/index.php?rest_route=%2Fwp%2Fv2%2Fmedia&parent=49"}],"curies":[{"name":"wp","href":"https:\/\/api.w.org\/{rel}","templated":true}]}}