{"id":96,"date":"2018-06-13T16:47:29","date_gmt":"2018-06-13T14:47:29","guid":{"rendered":"http:\/\/127.0.0.1\/wordpress\/?page_id=96"},"modified":"2026-01-15T23:10:22","modified_gmt":"2026-01-15T22:10:22","slug":"angelik","status":"publish","type":"page","link":"https:\/\/saltimbreizh.fr\/?page_id=96","title":{"rendered":"Angelik"},"content":{"rendered":"<p><img loading=\"lazy\" class=\"size-medium wp-image-523 alignleft\" src=\"http:\/\/saltimbreizh.fr\/wp-content\/uploads\/2018\/09\/Angelik-231x300.jpg\" alt=\"\" width=\"231\" height=\"300\" srcset=\"https:\/\/saltimbreizh.fr\/wp-content\/uploads\/2018\/09\/Angelik-231x300.jpg 231w, https:\/\/saltimbreizh.fr\/wp-content\/uploads\/2018\/09\/Angelik-370x481.jpg 370w, https:\/\/saltimbreizh.fr\/wp-content\/uploads\/2018\/09\/Angelik.jpg 591w\" sizes=\"(max-width: 231px) 100vw, 231px\" \/><\/p>\n<div>&nbsp;<\/div>\n<div>Bonjour, novice en mati\u00e8re de th\u00e9\u00e2tre mais pourquoi se poser trop de questions&#8230;<\/div>\n<div>&nbsp;<\/div>\n<div>Pourquoi pas moi finalement&#8230;<\/div>\n<div>&nbsp;<\/div>\n<div>&nbsp;<\/div>\n<div>Une belle envie de me lancer alors allons-y pour une nouvelle exp\u00e9rience !!<\/div>\n<div>&nbsp;<\/div>\n","protected":false},"excerpt":{"rendered":"<p>&nbsp; Bonjour, novice en mati\u00e8re de th\u00e9\u00e2tre mais pourquoi se poser trop de questions&#8230; &nbsp; Pourquoi pas moi finalement&#8230; &nbsp; &nbsp; Une belle envie de me lancer alors allons-y pour une nouvelle exp\u00e9rience !! &nbsp;<\/p>\n","protected":false},"author":2,"featured_media":0,"parent":49,"menu_order":0,"comment_status":"closed","ping_status":"closed","template":"","meta":{"ngg_post_thumbnail":0},"_links":{"self":[{"href":"https:\/\/saltimbreizh.fr\/index.php?rest_route=\/wp\/v2\/pages\/96"}],"collection":[{"href":"https:\/\/saltimbreizh.fr\/index.php?rest_route=\/wp\/v2\/pages"}],"about":[{"href":"https:\/\/saltimbreizh.fr\/index.php?rest_route=\/wp\/v2\/types\/page"}],"author":[{"embeddable":true,"href":"https:\/\/saltimbreizh.fr\/index.php?rest_route=\/wp\/v2\/users\/2"}],"replies":[{"embeddable":true,"href":"https:\/\/saltimbreizh.fr\/index.php?rest_route=%2Fwp%2Fv2%2Fcomments&post=96"}],"version-history":[{"count":3,"href":"https:\/\/saltimbreizh.fr\/index.php?rest_route=\/wp\/v2\/pages\/96\/revisions"}],"predecessor-version":[{"id":1200,"href":"https:\/\/saltimbreizh.fr\/index.php?rest_route=\/wp\/v2\/pages\/96\/revisions\/1200"}],"up":[{"embeddable":true,"href":"https:\/\/saltimbreizh.fr\/index.php?rest_route=\/wp\/v2\/pages\/49"}],"wp:attachment":[{"href":"https:\/\/saltimbreizh.fr\/index.php?rest_route=%2Fwp%2Fv2%2Fmedia&parent=96"}],"curies":[{"name":"wp","href":"https:\/\/api.w.org\/{rel}","templated":true}]}}